{"id":1581,"date":"2022-03-03T16:11:13","date_gmt":"2022-03-03T16:11:13","guid":{"rendered":"https:\/\/kroatien-honorarkonsulin.de\/impressum\/"},"modified":"2026-03-18T11:48:13","modified_gmt":"2026-03-18T11:48:13","slug":"impressum","status":"publish","type":"page","link":"https:\/\/kroatien-honorarkonsulin.de\/hr\/impressum\/","title":{"rendered":"Impressum"},"content":{"rendered":"<section class=\"l-section wpb_row height_huge full_height valign_center\"><div class=\"l-section-h i-cf\"><div class=\"g-cols vc_row via_grid cols_1 laptops-cols_inherit tablets-cols_inherit mobiles-cols_1 valign_top type_default stacking_default\"><div class=\"wpb_column vc_column_container\"><div class=\"vc_column-inner\"><h1 class=\"w-text\"><span class=\"w-text-h\"><span class=\"w-text-value\">Impressum<\/span><\/span><\/h1><div class=\"wpb_text_column\"><div class=\"wpb_wrapper\"><p>Osoba odgovorna za sadr\u017eaj stranice:<br \/>\nMiriam Mack, po\u010dasna konzulica Republike Hrvatske za Baden W\u00fcrttemberg<\/p>\n<p>M\u00fcnsterplatz 11 \u2013 Im Kornhaus<br \/>\n79098 Freiburg im Breisgau<br \/>\nNjema\u010dka<\/p>\n<p>telefon: <a href=\"tel:+49761211679777\">+49 (0)761 21 16 79 777<\/a><br \/>\ne-po\u0161ta:\u202f <a href=\"mailto:sekretariat@kroatien-honorarkonsulin.de\">sekretariat@kroatien-honorarkonsulin.de<\/a><\/p>\n<p><strong>\u017dalbeni postupak putem internetskog rje\u0161avanja potro\u0161a\u010dkih sporova (OS):<\/strong><br \/>\n<a href=\"http:\/\/ec.europa.eu\/consumers\/odr\/\" target=\"_blank\" rel=\"noopener\">http:\/\/ec.europa.eu\/consumers\/odr\/<\/a><\/p>\n<p>Nismo voljni ni obvezni sudjelovati u postupku rje\u0161avanja sporova pred subjektom za rje\u0161avanje potro\u0161a\u010dkih sporova.<\/p>\n<\/div><\/div><\/div><\/div><\/div><\/div><\/section>\n","protected":false},"excerpt":{"rendered":"ImpressumOsoba odgovorna za sadr\u017eaj stranice: Miriam Mack, po\u010dasna konzulica Republike Hrvatske za Baden W\u00fcrttemberg M\u00fcnsterplatz 11 \u2013 Im Kornhaus 79098 Freiburg im Breisgau Njema\u010dka telefon: +49 (0)761 21 16 79 777 e-po\u0161ta:\u202f sekretariat@kroatien-honorarkonsulin.de \u017dalbeni postupak putem internetskog rje\u0161avanja potro\u0161a\u010dkih sporova (OS): http:\/\/ec.europa.eu\/consumers\/odr\/ Nismo voljni ni obvezni sudjelovati u postupku rje\u0161avanja sporova pred subjektom za rje\u0161avanje...","protected":false},"author":1,"featured_media":0,"parent":0,"menu_order":0,"comment_status":"closed","ping_status":"closed","template":"","meta":{"_acf_changed":false,"footnotes":""},"class_list":["post-1581","page","type-page","status-publish","hentry"],"acf":[],"yoast_head":"<!-- This site is optimized with the Yoast SEO plugin v27.3 - https:\/\/yoast.com\/product\/yoast-seo-wordpress\/ -->\n<title>Impressum - Kroatien Honorarkonsulat<\/title>\n<meta name=\"robots\" content=\"index, follow, max-snippet:-1, max-image-preview:large, max-video-preview:-1\" \/>\n<link rel=\"canonical\" href=\"https:\/\/kroatien-honorarkonsulin.de\/hr\/impressum\/\" \/>\n<meta property=\"og:locale\" content=\"hr_HR\" \/>\n<meta property=\"og:type\" content=\"article\" \/>\n<meta property=\"og:title\" content=\"Impressum - Kroatien Honorarkonsulat\" \/>\n<meta property=\"og:url\" content=\"https:\/\/kroatien-honorarkonsulin.de\/hr\/impressum\/\" \/>\n<meta property=\"og:site_name\" content=\"Kroatien Honorarkonsulat\" \/>\n<meta property=\"article:modified_time\" content=\"2026-03-18T11:48:13+00:00\" \/>\n<meta name=\"twitter:card\" content=\"summary_large_image\" \/>\n<meta name=\"twitter:label1\" content=\"Procijenjeno vrijeme \u010ditanja\" \/>\n\t<meta name=\"twitter:data1\" content=\"1 minuta\" \/>\n<script type=\"application\/ld+json\" class=\"yoast-schema-graph\">{\"@context\":\"https:\\\/\\\/schema.org\",\"@graph\":[{\"@type\":\"WebPage\",\"@id\":\"https:\\\/\\\/kroatien-honorarkonsulin.de\\\/hr\\\/impressum\\\/\",\"url\":\"https:\\\/\\\/kroatien-honorarkonsulin.de\\\/hr\\\/impressum\\\/\",\"name\":\"Impressum - Kroatien Honorarkonsulat\",\"isPartOf\":{\"@id\":\"https:\\\/\\\/kroatien-honorarkonsulin.de\\\/hr\\\/#website\"},\"datePublished\":\"2022-03-03T16:11:13+00:00\",\"dateModified\":\"2026-03-18T11:48:13+00:00\",\"breadcrumb\":{\"@id\":\"https:\\\/\\\/kroatien-honorarkonsulin.de\\\/hr\\\/impressum\\\/#breadcrumb\"},\"inLanguage\":\"hr\",\"potentialAction\":[{\"@type\":\"ReadAction\",\"target\":[\"https:\\\/\\\/kroatien-honorarkonsulin.de\\\/hr\\\/impressum\\\/\"]}]},{\"@type\":\"BreadcrumbList\",\"@id\":\"https:\\\/\\\/kroatien-honorarkonsulin.de\\\/hr\\\/impressum\\\/#breadcrumb\",\"itemListElement\":[{\"@type\":\"ListItem\",\"position\":1,\"name\":\"Startseite\",\"item\":\"https:\\\/\\\/kroatien-honorarkonsulin.de\\\/hr\\\/\"},{\"@type\":\"ListItem\",\"position\":2,\"name\":\"Impressum\"}]},{\"@type\":\"WebSite\",\"@id\":\"https:\\\/\\\/kroatien-honorarkonsulin.de\\\/hr\\\/#website\",\"url\":\"https:\\\/\\\/kroatien-honorarkonsulin.de\\\/hr\\\/\",\"name\":\"Kroatien Honorarkonsulat\",\"description\":\"\",\"potentialAction\":[{\"@type\":\"SearchAction\",\"target\":{\"@type\":\"EntryPoint\",\"urlTemplate\":\"https:\\\/\\\/kroatien-honorarkonsulin.de\\\/hr\\\/?s={search_term_string}\"},\"query-input\":{\"@type\":\"PropertyValueSpecification\",\"valueRequired\":true,\"valueName\":\"search_term_string\"}}],\"inLanguage\":\"hr\"}]}<\/script>\n<!-- \/ Yoast SEO plugin. -->","yoast_head_json":{"title":"Impressum - Kroatien Honorarkonsulat","robots":{"index":"index","follow":"follow","max-snippet":"max-snippet:-1","max-image-preview":"max-image-preview:large","max-video-preview":"max-video-preview:-1"},"canonical":"https:\/\/kroatien-honorarkonsulin.de\/hr\/impressum\/","og_locale":"hr_HR","og_type":"article","og_title":"Impressum - Kroatien Honorarkonsulat","og_url":"https:\/\/kroatien-honorarkonsulin.de\/hr\/impressum\/","og_site_name":"Kroatien Honorarkonsulat","article_modified_time":"2026-03-18T11:48:13+00:00","twitter_card":"summary_large_image","twitter_misc":{"Procijenjeno vrijeme \u010ditanja":"1 minuta"},"schema":{"@context":"https:\/\/schema.org","@graph":[{"@type":"WebPage","@id":"https:\/\/kroatien-honorarkonsulin.de\/hr\/impressum\/","url":"https:\/\/kroatien-honorarkonsulin.de\/hr\/impressum\/","name":"Impressum - Kroatien Honorarkonsulat","isPartOf":{"@id":"https:\/\/kroatien-honorarkonsulin.de\/hr\/#website"},"datePublished":"2022-03-03T16:11:13+00:00","dateModified":"2026-03-18T11:48:13+00:00","breadcrumb":{"@id":"https:\/\/kroatien-honorarkonsulin.de\/hr\/impressum\/#breadcrumb"},"inLanguage":"hr","potentialAction":[{"@type":"ReadAction","target":["https:\/\/kroatien-honorarkonsulin.de\/hr\/impressum\/"]}]},{"@type":"BreadcrumbList","@id":"https:\/\/kroatien-honorarkonsulin.de\/hr\/impressum\/#breadcrumb","itemListElement":[{"@type":"ListItem","position":1,"name":"Startseite","item":"https:\/\/kroatien-honorarkonsulin.de\/hr\/"},{"@type":"ListItem","position":2,"name":"Impressum"}]},{"@type":"WebSite","@id":"https:\/\/kroatien-honorarkonsulin.de\/hr\/#website","url":"https:\/\/kroatien-honorarkonsulin.de\/hr\/","name":"Kroatien Honorarkonsulat","description":"","potentialAction":[{"@type":"SearchAction","target":{"@type":"EntryPoint","urlTemplate":"https:\/\/kroatien-honorarkonsulin.de\/hr\/?s={search_term_string}"},"query-input":{"@type":"PropertyValueSpecification","valueRequired":true,"valueName":"search_term_string"}}],"inLanguage":"hr"}]}},"_links":{"self":[{"href":"https:\/\/kroatien-honorarkonsulin.de\/hr\/wp-json\/wp\/v2\/pages\/1581","targetHints":{"allow":["GET"]}}],"collection":[{"href":"https:\/\/kroatien-honorarkonsulin.de\/hr\/wp-json\/wp\/v2\/pages"}],"about":[{"href":"https:\/\/kroatien-honorarkonsulin.de\/hr\/wp-json\/wp\/v2\/types\/page"}],"author":[{"embeddable":true,"href":"https:\/\/kroatien-honorarkonsulin.de\/hr\/wp-json\/wp\/v2\/users\/1"}],"replies":[{"embeddable":true,"href":"https:\/\/kroatien-honorarkonsulin.de\/hr\/wp-json\/wp\/v2\/comments?post=1581"}],"version-history":[{"count":8,"href":"https:\/\/kroatien-honorarkonsulin.de\/hr\/wp-json\/wp\/v2\/pages\/1581\/revisions"}],"predecessor-version":[{"id":3134,"href":"https:\/\/kroatien-honorarkonsulin.de\/hr\/wp-json\/wp\/v2\/pages\/1581\/revisions\/3134"}],"wp:attachment":[{"href":"https:\/\/kroatien-honorarkonsulin.de\/hr\/wp-json\/wp\/v2\/media?parent=1581"}],"curies":[{"name":"wp","href":"https:\/\/api.w.org\/{rel}","templated":true}]}}