{"id":1584,"date":"2024-07-08T13:14:07","date_gmt":"2024-07-08T13:14:07","guid":{"rendered":"https:\/\/kroatien-honorarkonsulin.de\/?page_id=1584"},"modified":"2024-10-28T17:24:13","modified_gmt":"2024-10-28T17:24:13","slug":"kontakt","status":"publish","type":"page","link":"https:\/\/kroatien-honorarkonsulin.de\/hr\/kontakt\/","title":{"rendered":"Kontakt"},"content":{"rendered":"<section class=\"l-section wpb_row height_small\"><div class=\"l-section-h i-cf\"><div class=\"g-cols vc_row via_grid cols_1 laptops-cols_inherit tablets-cols_inherit mobiles-cols_1 valign_top type_default stacking_default\"><div class=\"wpb_column vc_column_container\"><div class=\"vc_column-inner\"><div class=\"wpb_text_column\"><div class=\"wpb_wrapper\"><p>Ako imate pitanja ili Vam je potrebna podr\u0161ka, stojim Vam na raspolaganju kao po\u010dasna konzulica Republike Hrvatske za Baden-W\u00fcrttemberg.<\/p>\n<\/div><\/div><\/div><\/div><\/div><\/div><\/section><section class=\"l-section wpb_row height_medium\"><div class=\"l-section-h i-cf\"><div class=\"g-cols vc_row via_grid cols_3 laptops-cols_inherit tablets-cols_inherit mobiles-cols_1 valign_top type_default stacking_default\"><div class=\"wpb_column vc_column_container us_custom_595be67a\"><div class=\"vc_column-overlay\" style=\"background:var(--color-header-middle-bg)\"><\/div><div class=\"vc_column-inner\"><h4 class=\"w-text us_custom_a2ca8f63\"><span class=\"w-text-h\"><span class=\"w-text-value\">Adresa<\/span><\/span><\/h4><div class=\"wpb_text_column us_custom_20b496ce\"><div class=\"wpb_wrapper\"><p>M\u00fcnsterplatz 11 \u2013 Im Kornhaus<br \/>\n79098 Freiburg im Breisgau<\/p>\n<p>Javni prijevoz: tramvaji 1, 2, 4, 5; stajali\u0161ta Bertoldsbrunnen ili Siegesdenkmal.<\/p>\n<\/div><\/div><\/div><\/div><div class=\"wpb_column vc_column_container us_custom_595be67a\"><div class=\"vc_column-overlay\" style=\"background:var(--color-header-middle-bg)\"><\/div><div class=\"vc_column-inner\"><h4 class=\"w-text us_custom_a2ca8f63\"><span class=\"w-text-h\"><span class=\"w-text-value\">Termini<\/span><\/span><\/h4><div class=\"wpb_text_column us_custom_20b496ce\"><div class=\"wpb_wrapper\"><p>Termini su mogu\u0107i isklju\u010divo po dogovoru.<\/p>\n<\/div><\/div><\/div><\/div><div class=\"wpb_column vc_column_container us_custom_595be67a\"><div class=\"vc_column-overlay\" style=\"background:var(--color-header-middle-bg)\"><\/div><div class=\"vc_column-inner\"><h4 class=\"w-text us_custom_a2ca8f63\"><span class=\"w-text-h\"><span class=\"w-text-value\">Kontakt<\/span><\/span><\/h4><div class=\"wpb_text_column us_custom_20b496ce\"><div class=\"wpb_wrapper\"><p>E-po\u0161ta: <a class=\"waffle-rich-text-link\" href=\"mailto:secretariat@consulhon-france.eu\">sekretariat@kroatien-honorarkonsulin.de<\/a><\/p>\n<p>Tel.: <a href=\"tel:+49761211679777\"><span>+49 (0)761 21 16 79 777<\/span><\/a><\/p>\n<\/div><\/div><\/div><\/div><\/div><\/div><\/section><section class=\"l-section wpb_row height_small\"><div class=\"l-section-h i-cf\"><div class=\"g-cols vc_row via_grid cols_1 laptops-cols_inherit tablets-cols_inherit mobiles-cols_1 valign_top type_default stacking_default\"><div class=\"wpb_column vc_column_container\"><div class=\"vc_column-inner\"><div class=\"wpb_text_column\"><div class=\"wpb_wrapper\"><h4><span>Kontaktni obrazac<\/span><\/h4>\n<p><span>Kao po\u010dasna hrvatska konzulica stojim Vam na raspolaganju za pomo\u0107 ili podr\u0161ku pri tra\u017eenju odgovora na Va\u0161a pitanja! Ispunite kontaktni obrazac i javit \u0107u Vam se.<\/span><\/p>\n<\/div><\/div><\/div><\/div><\/div><\/div><\/section><section class=\"l-section wpb_row height_small\"><div class=\"l-section-h i-cf\"><div class=\"g-cols vc_row via_grid cols_1-2-1 laptops-cols_inherit tablets-cols_inherit mobiles-cols_1 valign_top type_default stacking_default\"><div class=\"wpb_column vc_column_container\"><div class=\"vc_column-inner\"><\/div><\/div><div class=\"wpb_column vc_column_container us_custom_006d927b has_bg_color\"><div class=\"vc_column-inner\">\n<div class=\"wpcf7 no-js\" id=\"wpcf7-f1586-o1\" lang=\"hr\" dir=\"ltr\" data-wpcf7-id=\"1586\">\n<div class=\"screen-reader-response\"><p role=\"status\" aria-live=\"polite\" aria-atomic=\"true\"><\/p> <ul><\/ul><\/div>\n<form action=\"\/hr\/wp-json\/wp\/v2\/pages\/1584#wpcf7-f1586-o1\" method=\"post\" class=\"wpcf7-form init\" aria-label=\"Kontakt obrazac\" novalidate=\"novalidate\" data-status=\"init\">\n<fieldset class=\"hidden-fields-container\"><input type=\"hidden\" name=\"_wpcf7\" value=\"1586\" \/><input type=\"hidden\" name=\"_wpcf7_version\" value=\"6.1.5\" \/><input type=\"hidden\" name=\"_wpcf7_locale\" value=\"hr\" \/><input type=\"hidden\" name=\"_wpcf7_unit_tag\" value=\"wpcf7-f1586-o1\" \/><input type=\"hidden\" name=\"_wpcf7_container_post\" value=\"0\" \/><input type=\"hidden\" name=\"_wpcf7_posted_data_hash\" value=\"\" \/>\n<\/fieldset>\n<p><label> Va\u0161e ime i prezime<br \/>\n<span class=\"wpcf7-form-control-wrap\" data-name=\"your-name\"><input size=\"40\" maxlength=\"400\" class=\"wpcf7-form-control wpcf7-text wpcf7-validates-as-required\" autocomplete=\"name\" aria-required=\"true\" aria-invalid=\"false\" value=\"\" type=\"text\" name=\"your-name\" \/><\/span> <\/label>\n<\/p>\n<p><label> Va\u0161a adresa elektroni\u010dke po\u0161te<br \/>\n<span class=\"wpcf7-form-control-wrap\" data-name=\"your-email\"><input size=\"40\" maxlength=\"400\" class=\"wpcf7-form-control wpcf7-email wpcf7-validates-as-required wpcf7-text wpcf7-validates-as-email\" autocomplete=\"email\" aria-required=\"true\" aria-invalid=\"false\" value=\"\" type=\"email\" name=\"your-email\" \/><\/span> <\/label>\n<\/p>\n<p><label> Va\u0161a poruka<br \/>\n<span class=\"wpcf7-form-control-wrap\" data-name=\"your-message\"><textarea cols=\"40\" rows=\"10\" maxlength=\"2000\" class=\"wpcf7-form-control wpcf7-textarea wpcf7-validates-as-required\" aria-required=\"true\" aria-invalid=\"false\" name=\"your-message\"><\/textarea><\/span> <\/label>\n<\/p>\n<p><input class=\"wpcf7-form-control wpcf7-submit has-spinner\" type=\"submit\" value=\"Poslati\" \/>\n<\/p><div class=\"frc-captcha \" data-sitekey=\"FCMU14N73NGMLR4S\" data-lang=\"hr\" ><\/div>\n\t\t<noscript>You need to enable Javascript for the anti-spam check.<\/noscript><div class=\"wpcf7-response-output\" aria-hidden=\"true\"><\/div>\n<\/form>\n<\/div>\n<\/div><\/div><div class=\"wpb_column vc_column_container\"><div class=\"vc_column-inner\"><\/div><\/div><\/div><\/div><\/section><section class=\"l-section wpb_row height_huge\"><div class=\"l-section-h i-cf\"><div class=\"g-cols vc_row via_grid cols_1 laptops-cols_inherit tablets-cols_inherit mobiles-cols_1 valign_top type_default stacking_default\"><div class=\"wpb_column vc_column_container\"><div class=\"vc_column-inner\"><div class=\"w-separator size_medium\"><\/div><\/div><\/div><\/div><\/div><\/section>\n","protected":false},"excerpt":{"rendered":"Ako imate pitanja ili Vam je potrebna podr\u0161ka, stojim Vam na raspolaganju kao po\u010dasna konzulica Republike Hrvatske za Baden-W\u00fcrttemberg. AdresaM\u00fcnsterplatz 11 \u2013 Im Kornhaus 79098 Freiburg im Breisgau Javni prijevoz: tramvaji 1, 2, 4, 5; stajali\u0161ta Bertoldsbrunnen ili Siegesdenkmal. TerminiTermini su mogu\u0107i isklju\u010divo po dogovoru. KontaktE-po\u0161ta: sekretariat@kroatien-honorarkonsulin.de Tel.: +49 (0)761 21 16 79 777 Kontaktni...","protected":false},"author":1,"featured_media":1622,"parent":0,"menu_order":0,"comment_status":"closed","ping_status":"closed","template":"","meta":{"_acf_changed":false,"footnotes":""},"class_list":["post-1584","page","type-page","status-publish","has-post-thumbnail","hentry"],"acf":[],"yoast_head":"<!-- This site is optimized with the Yoast SEO plugin v27.3 - https:\/\/yoast.com\/product\/yoast-seo-wordpress\/ -->\n<title>Kontakt s po\u010dasnim konzulatom RH u Baden-W\u00fcrttembergu<\/title>\n<meta name=\"description\" content=\"Ako imate pitanja ili Vam je potrebna podr\u0161ka, kontaktirajte Miriam Mack po\u010dasnu konzulicu Republike Hrvatske za Baden-W\u00fcrttemberg.\" \/>\n<meta name=\"robots\" content=\"index, follow, max-snippet:-1, max-image-preview:large, max-video-preview:-1\" \/>\n<link rel=\"canonical\" href=\"https:\/\/kroatien-honorarkonsulin.de\/hr\/kontakt\/\" \/>\n<meta property=\"og:locale\" content=\"hr_HR\" \/>\n<meta property=\"og:type\" content=\"article\" \/>\n<meta property=\"og:title\" content=\"Kontakt s po\u010dasnim konzulatom RH u Baden-W\u00fcrttembergu\" \/>\n<meta property=\"og:description\" content=\"Ako imate pitanja ili Vam je potrebna podr\u0161ka, kontaktirajte Miriam Mack po\u010dasnu konzulicu Republike Hrvatske za Baden-W\u00fcrttemberg.\" \/>\n<meta property=\"og:url\" content=\"https:\/\/kroatien-honorarkonsulin.de\/hr\/kontakt\/\" \/>\n<meta property=\"og:site_name\" content=\"Kroatien Honorarkonsulat\" \/>\n<meta property=\"article:modified_time\" content=\"2024-10-28T17:24:13+00:00\" \/>\n<meta property=\"og:image\" content=\"https:\/\/kroatien-honorarkonsulin.de\/wp-content\/uploads\/2024\/10\/Miriam-Mack-Honorarkonsulin-fuer-Kroatien-OG-\u2013-1.jpg\" \/>\n\t<meta property=\"og:image:width\" content=\"1200\" \/>\n\t<meta property=\"og:image:height\" content=\"630\" \/>\n\t<meta property=\"og:image:type\" content=\"image\/jpeg\" \/>\n<meta name=\"twitter:card\" content=\"summary_large_image\" \/>\n<meta name=\"twitter:title\" content=\"Kontakt s po\u010dasnim konzulatom RH u Baden-W\u00fcrttembergu\" \/>\n<meta name=\"twitter:description\" content=\"Ako imate pitanja ili Vam je potrebna podr\u0161ka, kontaktirajte Miriam Mack po\u010dasnu konzulicu Republike Hrvatske za Baden-W\u00fcrttemberg.\" \/>\n<meta name=\"twitter:image\" content=\"https:\/\/kroatien-honorarkonsulin.de\/wp-content\/uploads\/2024\/10\/Miriam-Mack-Honorarkonsulin-fuer-Kroatien-X-\u2013-1.jpg\" \/>\n<meta name=\"twitter:label1\" content=\"Procijenjeno vrijeme \u010ditanja\" \/>\n\t<meta name=\"twitter:data1\" content=\"1 minuta\" \/>\n<script type=\"application\/ld+json\" class=\"yoast-schema-graph\">{\"@context\":\"https:\\\/\\\/schema.org\",\"@graph\":[{\"@type\":\"WebPage\",\"@id\":\"https:\\\/\\\/kroatien-honorarkonsulin.de\\\/hr\\\/kontakt\\\/\",\"url\":\"https:\\\/\\\/kroatien-honorarkonsulin.de\\\/hr\\\/kontakt\\\/\",\"name\":\"Kontakt s po\u010dasnim konzulatom RH u Baden-W\u00fcrttembergu\",\"isPartOf\":{\"@id\":\"https:\\\/\\\/kroatien-honorarkonsulin.de\\\/hr\\\/#website\"},\"primaryImageOfPage\":{\"@id\":\"https:\\\/\\\/kroatien-honorarkonsulin.de\\\/hr\\\/kontakt\\\/#primaryimage\"},\"image\":{\"@id\":\"https:\\\/\\\/kroatien-honorarkonsulin.de\\\/hr\\\/kontakt\\\/#primaryimage\"},\"thumbnailUrl\":\"https:\\\/\\\/kroatien-honorarkonsulin.de\\\/wp-content\\\/uploads\\\/2024\\\/10\\\/kornhaus_freiburg-1.jpg\",\"datePublished\":\"2024-07-08T13:14:07+00:00\",\"dateModified\":\"2024-10-28T17:24:13+00:00\",\"description\":\"Ako imate pitanja ili Vam je potrebna podr\u0161ka, kontaktirajte Miriam Mack po\u010dasnu konzulicu Republike Hrvatske za Baden-W\u00fcrttemberg.\",\"breadcrumb\":{\"@id\":\"https:\\\/\\\/kroatien-honorarkonsulin.de\\\/hr\\\/kontakt\\\/#breadcrumb\"},\"inLanguage\":\"hr\",\"potentialAction\":[{\"@type\":\"ReadAction\",\"target\":[\"https:\\\/\\\/kroatien-honorarkonsulin.de\\\/hr\\\/kontakt\\\/\"]}]},{\"@type\":\"ImageObject\",\"inLanguage\":\"hr\",\"@id\":\"https:\\\/\\\/kroatien-honorarkonsulin.de\\\/hr\\\/kontakt\\\/#primaryimage\",\"url\":\"https:\\\/\\\/kroatien-honorarkonsulin.de\\\/wp-content\\\/uploads\\\/2024\\\/10\\\/kornhaus_freiburg-1.jpg\",\"contentUrl\":\"https:\\\/\\\/kroatien-honorarkonsulin.de\\\/wp-content\\\/uploads\\\/2024\\\/10\\\/kornhaus_freiburg-1.jpg\",\"width\":2048,\"height\":1152},{\"@type\":\"BreadcrumbList\",\"@id\":\"https:\\\/\\\/kroatien-honorarkonsulin.de\\\/hr\\\/kontakt\\\/#breadcrumb\",\"itemListElement\":[{\"@type\":\"ListItem\",\"position\":1,\"name\":\"Startseite\",\"item\":\"https:\\\/\\\/kroatien-honorarkonsulin.de\\\/hr\\\/\"},{\"@type\":\"ListItem\",\"position\":2,\"name\":\"Kontakt\"}]},{\"@type\":\"WebSite\",\"@id\":\"https:\\\/\\\/kroatien-honorarkonsulin.de\\\/hr\\\/#website\",\"url\":\"https:\\\/\\\/kroatien-honorarkonsulin.de\\\/hr\\\/\",\"name\":\"Kroatien Honorarkonsulat\",\"description\":\"\",\"potentialAction\":[{\"@type\":\"SearchAction\",\"target\":{\"@type\":\"EntryPoint\",\"urlTemplate\":\"https:\\\/\\\/kroatien-honorarkonsulin.de\\\/hr\\\/?s={search_term_string}\"},\"query-input\":{\"@type\":\"PropertyValueSpecification\",\"valueRequired\":true,\"valueName\":\"search_term_string\"}}],\"inLanguage\":\"hr\"}]}<\/script>\n<!-- \/ Yoast SEO plugin. -->","yoast_head_json":{"title":"Kontakt s po\u010dasnim konzulatom RH u Baden-W\u00fcrttembergu","description":"Ako imate pitanja ili Vam je potrebna podr\u0161ka, kontaktirajte Miriam Mack po\u010dasnu konzulicu Republike Hrvatske za Baden-W\u00fcrttemberg.","robots":{"index":"index","follow":"follow","max-snippet":"max-snippet:-1","max-image-preview":"max-image-preview:large","max-video-preview":"max-video-preview:-1"},"canonical":"https:\/\/kroatien-honorarkonsulin.de\/hr\/kontakt\/","og_locale":"hr_HR","og_type":"article","og_title":"Kontakt s po\u010dasnim konzulatom RH u Baden-W\u00fcrttembergu","og_description":"Ako imate pitanja ili Vam je potrebna podr\u0161ka, kontaktirajte Miriam Mack po\u010dasnu konzulicu Republike Hrvatske za Baden-W\u00fcrttemberg.","og_url":"https:\/\/kroatien-honorarkonsulin.de\/hr\/kontakt\/","og_site_name":"Kroatien Honorarkonsulat","article_modified_time":"2024-10-28T17:24:13+00:00","og_image":[{"width":1200,"height":630,"url":"https:\/\/kroatien-honorarkonsulin.de\/wp-content\/uploads\/2024\/10\/Miriam-Mack-Honorarkonsulin-fuer-Kroatien-OG-\u2013-1.jpg","type":"image\/jpeg"}],"twitter_card":"summary_large_image","twitter_title":"Kontakt s po\u010dasnim konzulatom RH u Baden-W\u00fcrttembergu","twitter_description":"Ako imate pitanja ili Vam je potrebna podr\u0161ka, kontaktirajte Miriam Mack po\u010dasnu konzulicu Republike Hrvatske za Baden-W\u00fcrttemberg.","twitter_image":"https:\/\/kroatien-honorarkonsulin.de\/wp-content\/uploads\/2024\/10\/Miriam-Mack-Honorarkonsulin-fuer-Kroatien-X-\u2013-1.jpg","twitter_misc":{"Procijenjeno vrijeme \u010ditanja":"1 minuta"},"schema":{"@context":"https:\/\/schema.org","@graph":[{"@type":"WebPage","@id":"https:\/\/kroatien-honorarkonsulin.de\/hr\/kontakt\/","url":"https:\/\/kroatien-honorarkonsulin.de\/hr\/kontakt\/","name":"Kontakt s po\u010dasnim konzulatom RH u Baden-W\u00fcrttembergu","isPartOf":{"@id":"https:\/\/kroatien-honorarkonsulin.de\/hr\/#website"},"primaryImageOfPage":{"@id":"https:\/\/kroatien-honorarkonsulin.de\/hr\/kontakt\/#primaryimage"},"image":{"@id":"https:\/\/kroatien-honorarkonsulin.de\/hr\/kontakt\/#primaryimage"},"thumbnailUrl":"https:\/\/kroatien-honorarkonsulin.de\/wp-content\/uploads\/2024\/10\/kornhaus_freiburg-1.jpg","datePublished":"2024-07-08T13:14:07+00:00","dateModified":"2024-10-28T17:24:13+00:00","description":"Ako imate pitanja ili Vam je potrebna podr\u0161ka, kontaktirajte Miriam Mack po\u010dasnu konzulicu Republike Hrvatske za Baden-W\u00fcrttemberg.","breadcrumb":{"@id":"https:\/\/kroatien-honorarkonsulin.de\/hr\/kontakt\/#breadcrumb"},"inLanguage":"hr","potentialAction":[{"@type":"ReadAction","target":["https:\/\/kroatien-honorarkonsulin.de\/hr\/kontakt\/"]}]},{"@type":"ImageObject","inLanguage":"hr","@id":"https:\/\/kroatien-honorarkonsulin.de\/hr\/kontakt\/#primaryimage","url":"https:\/\/kroatien-honorarkonsulin.de\/wp-content\/uploads\/2024\/10\/kornhaus_freiburg-1.jpg","contentUrl":"https:\/\/kroatien-honorarkonsulin.de\/wp-content\/uploads\/2024\/10\/kornhaus_freiburg-1.jpg","width":2048,"height":1152},{"@type":"BreadcrumbList","@id":"https:\/\/kroatien-honorarkonsulin.de\/hr\/kontakt\/#breadcrumb","itemListElement":[{"@type":"ListItem","position":1,"name":"Startseite","item":"https:\/\/kroatien-honorarkonsulin.de\/hr\/"},{"@type":"ListItem","position":2,"name":"Kontakt"}]},{"@type":"WebSite","@id":"https:\/\/kroatien-honorarkonsulin.de\/hr\/#website","url":"https:\/\/kroatien-honorarkonsulin.de\/hr\/","name":"Kroatien Honorarkonsulat","description":"","potentialAction":[{"@type":"SearchAction","target":{"@type":"EntryPoint","urlTemplate":"https:\/\/kroatien-honorarkonsulin.de\/hr\/?s={search_term_string}"},"query-input":{"@type":"PropertyValueSpecification","valueRequired":true,"valueName":"search_term_string"}}],"inLanguage":"hr"}]}},"_links":{"self":[{"href":"https:\/\/kroatien-honorarkonsulin.de\/hr\/wp-json\/wp\/v2\/pages\/1584","targetHints":{"allow":["GET"]}}],"collection":[{"href":"https:\/\/kroatien-honorarkonsulin.de\/hr\/wp-json\/wp\/v2\/pages"}],"about":[{"href":"https:\/\/kroatien-honorarkonsulin.de\/hr\/wp-json\/wp\/v2\/types\/page"}],"author":[{"embeddable":true,"href":"https:\/\/kroatien-honorarkonsulin.de\/hr\/wp-json\/wp\/v2\/users\/1"}],"replies":[{"embeddable":true,"href":"https:\/\/kroatien-honorarkonsulin.de\/hr\/wp-json\/wp\/v2\/comments?post=1584"}],"version-history":[{"count":6,"href":"https:\/\/kroatien-honorarkonsulin.de\/hr\/wp-json\/wp\/v2\/pages\/1584\/revisions"}],"predecessor-version":[{"id":1733,"href":"https:\/\/kroatien-honorarkonsulin.de\/hr\/wp-json\/wp\/v2\/pages\/1584\/revisions\/1733"}],"wp:featuredmedia":[{"embeddable":true,"href":"https:\/\/kroatien-honorarkonsulin.de\/hr\/wp-json\/wp\/v2\/media\/1622"}],"wp:attachment":[{"href":"https:\/\/kroatien-honorarkonsulin.de\/hr\/wp-json\/wp\/v2\/media?parent=1584"}],"curies":[{"name":"wp","href":"https:\/\/api.w.org\/{rel}","templated":true}]}}